{"id":582,"date":"2017-02-23T11:26:45","date_gmt":"2017-02-23T11:26:45","guid":{"rendered":"http:\/\/www.snowdonrace.co.uk\/?page_id=582"},"modified":"2026-03-15T15:17:37","modified_gmt":"2026-03-15T15:17:37","slug":"the-bwlch-maesgwm-10k","status":"publish","type":"page","link":"https:\/\/www.snowdonrace.co.uk\/cy\/the-bwlch-maesgwm-10k\/","title":{"rendered":"BWLCH MAESGWM 10k"},"content":{"rendered":"<p><\/p>\n<div class=\"\"><a href=\"https:\/\/www.snowdonrace.co.uk\/wp-content\/uploads\/2019\/06\/bwklch.jpg\"><img loading=\"lazy\" decoding=\"async\" data-attachment-id=\"1042\" data-permalink=\"https:\/\/www.snowdonrace.co.uk\/cy\/the-bwlch-maesgwm-10k\/bwklch\/\" data-orig-file=\"https:\/\/www.snowdonrace.co.uk\/wp-content\/uploads\/2019\/06\/bwklch.jpg\" data-orig-size=\"1771,656\" data-comments-opened=\"0\" data-image-meta=\"{&quot;aperture&quot;:&quot;0&quot;,&quot;credit&quot;:&quot;&quot;,&quot;camera&quot;:&quot;&quot;,&quot;caption&quot;:&quot;&quot;,&quot;created_timestamp&quot;:&quot;0&quot;,&quot;copyright&quot;:&quot;&quot;,&quot;focal_length&quot;:&quot;0&quot;,&quot;iso&quot;:&quot;0&quot;,&quot;shutter_speed&quot;:&quot;0&quot;,&quot;title&quot;:&quot;&quot;,&quot;orientation&quot;:&quot;0&quot;}\" data-image-title=\"bwklch\" data-image-description=\"\" data-image-caption=\"\" data-medium-file=\"https:\/\/www.snowdonrace.co.uk\/wp-content\/uploads\/2019\/06\/bwklch-300x111.jpg\" data-large-file=\"https:\/\/www.snowdonrace.co.uk\/wp-content\/uploads\/2019\/06\/bwklch-1024x379.jpg\" class=\"alignnone size-full wp-image-1042\" src=\"https:\/\/www.snowdonrace.co.uk\/wp-content\/uploads\/2019\/06\/bwklch.jpg\" alt=\"\" width=\"1771\" height=\"656\" srcset=\"https:\/\/www.snowdonrace.co.uk\/wp-content\/uploads\/2019\/06\/bwklch.jpg 1771w, https:\/\/www.snowdonrace.co.uk\/wp-content\/uploads\/2019\/06\/bwklch-300x111.jpg 300w, https:\/\/www.snowdonrace.co.uk\/wp-content\/uploads\/2019\/06\/bwklch-768x284.jpg 768w, https:\/\/www.snowdonrace.co.uk\/wp-content\/uploads\/2019\/06\/bwklch-1024x379.jpg 1024w\" sizes=\"auto, (max-width: 1771px) 100vw, 1771px\" \/><\/a><\/div>\n<p><strong>BWLCH MAESGWM BACK IN 2019 \u2013<\/strong>0k flynyddol o Lanberis yw\u2019r ras hon. Mae\u2019n cael ei threfnu gan Bwyllgor Ras yr Wyddfa. Mae\u2019n ddigwyddiad arall sy\u2019n arwain at Ras Ryngwladol Yr Wyddfa &#8211; Castell Howell 2019. Diolch unwaith eto i bawb.<\/p>\n<p>Fel arfer mae\u2019r ras ganol fis Mawrth ar benwythnos. Ond i osgoi gwrthdaro \u00e2 digwyddiadau eraill mae\u2019r ras i gael ei symud i nos Iau, pam ddim. Byddwch yn effro I gael cadarnhad o\u2019r dyddiad ar y wefan (neu gyfryngau cymdeithasol).<\/p>\n<p>Mae\u2019r ras yn cychwyn ochr uchaf y grid gwartheg ar lwybr yr Wyddfa, ymlaen ar y l\u00f4n darmac serth ond troi I\u2019r dde I gyfeiriad capel Hebron drwy\u2019r gors am Maesgwm. Bydd stiwardiaid ar y llwybr. Ar \u00f4l cyrraedd pen draw y cwm, yna troi yn \u00f4l a rhedeg yr un ffordd yn \u00f4l.<\/p>\n<p><strong>2019 RAS &#8211; Ras Bwlch Maesgwm Race\u00a0<\/strong><br \/>\nNos Iau diwethaf mi wnaethom redeg Ras 10k Bwlch Maesgwm, Llanberis. Diolch ichi gyd am droi fyny, 28 ohonnoch, siomedig efo&#8217;r niferoedd, ond na fo, pawb wedi mwynhau y ras, y cwrs, a gwobrau da gan Inov8. Diolch ir gwirfoddlwyr i gyd, marshals, Gwesty Vic am y &#8216;stafell. Arian ar y noson i gyd yn mynd tuag at elusen &#8216;Tenovus&#8217; &#8211; \u00a3200 &#8211; er cof am Rory O&#8217;donnell. A falch o ddweud fod ei fab Callum wedi dod yn 3ydd yn y ras, roedd ei dad wrth\u00a0<span class=\"text_exposed_show\">ei fodd yn rhedag y ras. Llongyfarchiadau hefyd i Russell Bentley ar ennill a Gemma Moore yn ras y merchaid. H<strong>efyd chwalodd Russell record y cwrs o 3munud.<\/strong> Amser newydd y record <strong>41mun 18eiliad.<\/strong><\/span><\/p>\n<div class=\"text_exposed_show\">\n<p>Diolch ichi gyd.<\/p>\n<\/div>\n<p>Diolch<\/p>\n<p>Stephen Edwards<\/p>","protected":false},"excerpt":{"rendered":"<p>BWLCH MAESGWM BACK IN 2019 \u20130k flynyddol o Lanberis yw\u2019r ras hon. Mae\u2019n cael ei threfnu gan Bwyllgor Ras yr Wyddfa. Mae\u2019n ddigwyddiad arall sy\u2019n arwain at Ras Ryngwladol Yr Wyddfa &#8211; Castell Howell 2019. Diolch unwaith eto i bawb. Fel arfer mae\u2019r ras ganol fis Mawrth ar benwythnos. Ond i osgoi gwrthdaro \u00e2 digwyddiadau [&hellip;]<\/p>\n","protected":false},"author":1,"featured_media":0,"parent":0,"menu_order":0,"comment_status":"closed","ping_status":"closed","template":"","meta":{"_acf_changed":false,"jetpack_post_was_ever_published":false,"footnotes":""},"class_list":["post-582","page","type-page","status-publish","hentry"],"acf":[],"jetpack_sharing_enabled":true,"jetpack_shortlink":"https:\/\/wp.me\/P5NOra-9o","_links":{"self":[{"href":"https:\/\/www.snowdonrace.co.uk\/cy\/wp-json\/wp\/v2\/pages\/582","targetHints":{"allow":["GET"]}}],"collection":[{"href":"https:\/\/www.snowdonrace.co.uk\/cy\/wp-json\/wp\/v2\/pages"}],"about":[{"href":"https:\/\/www.snowdonrace.co.uk\/cy\/wp-json\/wp\/v2\/types\/page"}],"author":[{"embeddable":true,"href":"https:\/\/www.snowdonrace.co.uk\/cy\/wp-json\/wp\/v2\/users\/1"}],"replies":[{"embeddable":true,"href":"https:\/\/www.snowdonrace.co.uk\/cy\/wp-json\/wp\/v2\/comments?post=582"}],"version-history":[{"count":2,"href":"https:\/\/www.snowdonrace.co.uk\/cy\/wp-json\/wp\/v2\/pages\/582\/revisions"}],"predecessor-version":[{"id":1688,"href":"https:\/\/www.snowdonrace.co.uk\/cy\/wp-json\/wp\/v2\/pages\/582\/revisions\/1688"}],"wp:attachment":[{"href":"https:\/\/www.snowdonrace.co.uk\/cy\/wp-json\/wp\/v2\/media?parent=582"}],"curies":[{"name":"wp","href":"https:\/\/api.w.org\/{rel}","templated":true}]}}